{"id":19,"date":"2026-04-13T09:47:47","date_gmt":"2026-04-13T09:47:47","guid":{"rendered":"http:\/\/ecriture-foix.fr\/?page_id=19"},"modified":"2026-04-13T10:31:57","modified_gmt":"2026-04-13T10:31:57","slug":"angelique-huet-graphoeducatrice","status":"publish","type":"page","link":"https:\/\/ecriture-foix.fr\/","title":{"rendered":"Ang\u00e9lique Huet Grapho\u00e9ducatrice"},"content":{"rendered":"\t\t<div data-elementor-type=\"wp-page\" data-elementor-id=\"19\" class=\"elementor elementor-19\">\n\t\t\t\t<div class=\"elementor-element elementor-element-e711f87 e-flex e-con-boxed e-con e-parent\" data-id=\"e711f87\" data-element_type=\"container\" data-e-type=\"container\">\n\t\t\t\t\t<div class=\"e-con-inner\">\n\t\t\t\t<div class=\"elementor-element elementor-element-f23fd47 elementor-widget elementor-widget-image\" data-id=\"f23fd47\" data-element_type=\"widget\" data-e-type=\"widget\" data-widget_type=\"image.default\">\n\t\t\t\t\t\t\t\t\t\t\t\t\t\t\t<img fetchpriority=\"high\" decoding=\"async\" width=\"1024\" height=\"585\" src=\"https:\/\/ecriture-foix.fr\/wp-content\/uploads\/2026\/04\/Logo-mars-2026-1024x585.png\" class=\"attachment-large size-large wp-image-23\" alt=\"\" srcset=\"https:\/\/ecriture-foix.fr\/wp-content\/uploads\/2026\/04\/Logo-mars-2026-1024x585.png 1024w, https:\/\/ecriture-foix.fr\/wp-content\/uploads\/2026\/04\/Logo-mars-2026-300x171.png 300w, https:\/\/ecriture-foix.fr\/wp-content\/uploads\/2026\/04\/Logo-mars-2026-768x439.png 768w, https:\/\/ecriture-foix.fr\/wp-content\/uploads\/2026\/04\/Logo-mars-2026.png 1050w\" sizes=\"(max-width: 1024px) 100vw, 1024px\" \/>\t\t\t\t\t\t\t\t\t\t\t\t\t\t\t<\/div>\n\t\t\t\t\t<\/div>\n\t\t\t\t<\/div>\n\t\t<div class=\"elementor-element elementor-element-1722d92 e-flex e-con-boxed e-con e-parent\" data-id=\"1722d92\" data-element_type=\"container\" data-e-type=\"container\">\n\t\t\t\t\t<div class=\"e-con-inner\">\n\t\t\t\t<div class=\"elementor-element elementor-element-d16bd4e elementor-widget elementor-widget-heading\" data-id=\"d16bd4e\" data-element_type=\"widget\" data-e-type=\"widget\" data-widget_type=\"heading.default\">\n\t\t\t\t\t<h2 class=\"elementor-heading-title elementor-size-default\">Cabinet de graoho\u00e9ducation<\/h2>\t\t\t\t<\/div>\n\t\t\t\t\t<\/div>\n\t\t\t\t<\/div>\n\t\t<div class=\"elementor-element elementor-element-473a368 e-flex e-con-boxed e-con e-parent\" data-id=\"473a368\" data-element_type=\"container\" data-e-type=\"container\">\n\t\t\t\t\t<div class=\"e-con-inner\">\n\t\t\t\t\t\t\t<h3 \n\t\tdata-interaction-id=\"7284e4e\" \n\t\tclass=\"e-heading-base\" \n\t\t \n\t\t\n\t>\n\t\n\t\t\t(r\u00e9)apprendre l'\u00e9criture avec Ang\u00e9lique HUET\n\t\t<\/h3>\n\t\t\t\t\t<\/div>\n\t\t\t\t<\/div>\n\t\t<div class=\"elementor-element elementor-element-5ce195f e-con-full e-flex e-con e-parent\" data-id=\"5ce195f\" data-element_type=\"container\" data-e-type=\"container\">\n\t\t\t\t\t\t\t\t<p class=\"e-paragraph-base\" data-interaction-id=\"0486a10\"  >\n\t\t\t\t\t\t\t\tJe suis Grapho\u00e9ducatrice et j\u2019aide les enfants, adolescents et les adultes qui rencontrent des difficult\u00e9s avec leur \u00e9criture manuscrite.<br>Que cette \u00e9criture soit lente, illisible, inconfortable et\/ou douloureuse, je vous accompagne \u00e0 am\u00e9liorer votre <br>\u00e9criture manuscrite gr\u00e2ce \u00e0 un accompagnement personnalis\u00e9.<br>Ensemble nous travaillerons pour acqu\u00e9rir une \u00e9criture lisible, rapide et confortable.\n\t\t\t\t\t<\/p>\n\t\t\t\t<\/div>\n\t\t\t\t<\/div>\n\t\t","protected":false},"excerpt":{"rendered":"<p>Cabinet de graoho\u00e9ducation (r\u00e9)apprendre l&rsquo;\u00e9criture avec Ang\u00e9lique HUET Je suis Grapho\u00e9ducatrice et j\u2019aide les enfants, adolescents et les adultes qui rencontrent des difficult\u00e9s avec leur \u00e9criture manuscrite.Que cette \u00e9criture soit lente, illisible, inconfortable et\/ou douloureuse, je vous accompagne \u00e0 am\u00e9liorer votre \u00e9criture manuscrite gr\u00e2ce \u00e0 un accompagnement personnalis\u00e9.Ensemble nous travaillerons pour acqu\u00e9rir une \u00e9criture lisible, [&hellip;]<\/p>\n","protected":false},"author":1,"featured_media":0,"parent":0,"menu_order":0,"comment_status":"closed","ping_status":"closed","template":"","meta":{"footnotes":""},"class_list":["post-19","page","type-page","status-publish","hentry"],"_links":{"self":[{"href":"https:\/\/ecriture-foix.fr\/index.php\/wp-json\/wp\/v2\/pages\/19","targetHints":{"allow":["GET"]}}],"collection":[{"href":"https:\/\/ecriture-foix.fr\/index.php\/wp-json\/wp\/v2\/pages"}],"about":[{"href":"https:\/\/ecriture-foix.fr\/index.php\/wp-json\/wp\/v2\/types\/page"}],"author":[{"embeddable":true,"href":"https:\/\/ecriture-foix.fr\/index.php\/wp-json\/wp\/v2\/users\/1"}],"replies":[{"embeddable":true,"href":"https:\/\/ecriture-foix.fr\/index.php\/wp-json\/wp\/v2\/comments?post=19"}],"version-history":[{"count":4,"href":"https:\/\/ecriture-foix.fr\/index.php\/wp-json\/wp\/v2\/pages\/19\/revisions"}],"predecessor-version":[{"id":26,"href":"https:\/\/ecriture-foix.fr\/index.php\/wp-json\/wp\/v2\/pages\/19\/revisions\/26"}],"wp:attachment":[{"href":"https:\/\/ecriture-foix.fr\/index.php\/wp-json\/wp\/v2\/media?parent=19"}],"curies":[{"name":"wp","href":"https:\/\/api.w.org\/{rel}","templated":true}]}}